{"id":582,"date":"2016-11-22T02:49:22","date_gmt":"2016-11-22T02:49:22","guid":{"rendered":"https:\/\/ninetheme.com\/themes\/minfox\/?page_id=5"},"modified":"2024-05-03T11:04:06","modified_gmt":"2024-05-03T11:04:06","slug":"inicio","status":"publish","type":"page","link":"https:\/\/eximsoluciones.es\/","title":{"rendered":"Inicio"},"content":{"rendered":"<div class=\"wpb-content-wrapper\"><p>[vc_row css=\u00bb.vc_custom_1706275176749{margin-top: -2px !important;}\u00bb el_id=\u00bbINICIO\u00bb][vc_column el_id=\u00bbINICIO\u00bb]<!-- Section Minfox --><section id=\"INICIO\" class=\"minfox-bg vc_custom_1714734236047\"><div class=\"cta text-center\"><h2 class=\"wow fadeInUp\" data-wow-delay=\".4s\" style=\" font-size:55px; color:#f7f7f7; padding-top:300px; border-color:#ffffff;\">SOLUCIONES EXport IMport<\/h2><a href=\"https:\/\/maps.app.goo.gl\/GupqjoWwDPt1pKDXA\" class=\"btn btn-default wow \" data-wow-delay=\".6s\" style=\" color:#132859; background-color:#ffffff;\">Ubicaci\u00f3n<\/a><\/div><!-- Particles --><div class=\"wheel-wrap\"><span class=\"mousewheel\"><\/span><\/div><div id=\"particles-js\"><\/div><!-- Particles end --><\/section><!-- Section Minfox end -->[\/vc_column][\/vc_row][vc_row el_id=\u00bbSERVICIOS\u00bb][vc_column el_id=\u00bbEXIM\u00bb]<!-- Section About --><section id=\"SERVICIOS\" class=\"intro bg-about\"><div class=\"container\"><div class=\"row\"><div class=\"section-minfox text-center\"><p class=\"wow fadeInUp\" data-wow-delay=\".2s\" style=\" font-size:16px; color:#132859; font-style:normal;\">Bienvenidos a Exim Soluciones<\/p><h2 class=\"wow fadeInUp\" data-wow-delay=\".4s\" style=\" color:#e66524;\">Pensamos de forma global<\/h2><\/div><!-- Text --><div class=\"about text-center wow fadeInUp\" data-wow-delay=\".6s\"><p style=\" font-size:16px;\">En un mundo global en constante movimiento como el que nos encontramos, la agilidad, rapidez y adaptaci\u00f3n a los constantes cambios es de vital importancia. Conscientes de ello, desde EXIM Soluciones ofrecemos soluciones para que el transporte de mercanc\u00edas sea lo m\u00e1s fluido posible. Adem\u00e1s nos posicionamos como un servicio estrat\u00e9gico en el transporte de papel.<\/p><\/div><\/div><\/div><\/section><!-- Section About end -->[vc_single_image image=\u00bb1163&#8243; img_size=\u00bbfull\u00bb alignment=\u00bbcenter\u00bb css=\u00bb.vc_custom_1710015358444{padding-bottom: 100px !important;background-position: center !important;background-repeat: no-repeat !important;background-size: contain !important;}\u00bb][\/vc_column][\/vc_row][vc_row][vc_column el_id=\u00bbSERVICIOS\u00bb]<!-- Section Features --><section  class=\"features gray vc_custom_1706264384399\"><div class=\"section-header\"><h2 class=\"wow fadeInUp\" data-wow-delay=\".2s\" style=\" color:#e66524;\">\u00bfQu\u00e9 ofrecemos?<\/h2><span class=\"wow fadeInUp\" data-wow-delay=\".4s\" style=\" font-size:16px;\">Nuestros servicios engloban los diferentes tr\u00e1mites y gestiones:<\/span><\/div><div class=\"container\"><div class=\"row\"><div class=\"col-md-4 col-sm-6 col-xs-12 item text-center wow fadeInUp\" data-wow-delay=\"0.2s\"><div class=\"icon-wrap\"><img loading=\"lazy\" decoding=\"async\" width=\"129\" height=\"97\" src=\"https:\/\/eximsoluciones.es\/wp-content\/uploads\/2024\/01\/01_Logistica.png\" class=\"attachment-full size-full\" alt=\"\" \/><\/div><div class=\"description\"><h3 style=\" color:#e66524;\">Log\u00edstica<\/h3><p>Planificar, coordinar y gestionar dando SOLUCIONES a todos los procesos que intervienen en el trasporte de mercancias.<\/p><\/div><\/div><div class=\"col-md-4 col-sm-6 col-xs-12 item text-center wow fadeInUp\" data-wow-delay=\"0.4s\"><div class=\"icon-wrap\"><img loading=\"lazy\" decoding=\"async\" width=\"128\" height=\"97\" src=\"https:\/\/eximsoluciones.es\/wp-content\/uploads\/2024\/01\/02_Almacenamiento.png\" class=\"attachment-full size-full\" alt=\"\" \/><\/div><div class=\"description\"><h3 style=\" color:#e66524;\">Almacenamiento<\/h3><p>Recepci\u00f3n, manipulaci\u00f3n , control de stock y expedici\u00f3n de mercanc\u00edas EXport\/IMport EXIM.<\/p><\/div><\/div><div class=\"col-md-4 col-sm-6 col-xs-12 item text-center wow fadeInUp\" data-wow-delay=\"0.6s\"><div class=\"icon-wrap\"><img loading=\"lazy\" decoding=\"async\" width=\"150\" height=\"97\" src=\"https:\/\/eximsoluciones.es\/wp-content\/uploads\/2024\/01\/03_Transporte.png\" class=\"attachment-full size-full\" alt=\"\" \/><\/div><div class=\"description\"><h3 style=\" color:#e66524;\">Transporte<\/h3><p>Transporte convencional y en contenedor sin l\u00edmite geogr\u00e1fico SOLUCIONES EXport\/IMport.<\/p><\/div><\/div><\/div><\/div><\/section><!-- Section Features end -->[\/vc_column][\/vc_row][vc_row el_id=\u00bbNOSOTROS\u00bb][vc_column css=\u00bb.vc_custom_1710016731184{padding-bottom: 50px !important;}\u00bb]<!-- Section gallery --><section id=\"NOSOTROS\" class=\"gallery with-bg vc_custom_1714733991947\"><div class=\"section-header\"><h2 class=\"wow \" data-wow-delay=\".2s\">Nosotros<\/h2><span class=\"wow \" data-wow-delay=\".4s\" style=\" font-size:16px; text-align:center;\">Hist\u00f3ricamente venimos del sector del papel con m\u00e1s de 20 a\u00f1os de experiencia operando en el puerto de Barcelona.<br \/>\nDisponemos de una nave de 3800m\u00b2 que en el 2022 ampliamos hasta un total de 5000m\u00b2 de superficie cubierta,<br \/>\nsituada estrat\u00e9gicamente cerca del puerto, salida 14, Zona Franca, en la Ronda Litoral.\nContamos con personal cualificado y maquinaria necesaria para la manipulaci\u00f3n de papel en todos sus formatos,<br \/>\nya sea en palet, balas y bobinas, con pesos que van hasta los 4000kg, con un di\u00e1metro m\u00e1ximo de 1600cm y con anchos de hasta 2800cm.<br \/>\nA parte de papel, nos dedicamos a la carga general, con experiencia en Baleares y Canarias, tambi\u00e9n disponemos del Registro General Sanitario<br \/>\nde Empresas Alimentarias y Alimentos (RGSEAA),con n\u00ba40.061174\/B para el almacenaje polivalente de alimentos.<\/span><\/div><div class=\"section-content container\"><!-- Carousel --><div class=\"gallery-slide\"><div class=\"item\"><img decoding=\"async\" src=\"https:\/\/eximsoluciones.es\/wp-content\/uploads\/2024\/01\/IMG_E2014-scaled.jpg\" alt=\"gallery\" \/><\/div><div class=\"item\"><img decoding=\"async\" src=\"https:\/\/eximsoluciones.es\/wp-content\/uploads\/2024\/03\/exim2.png\" alt=\"gallery\" \/><\/div><div class=\"item\"><img decoding=\"async\" src=\"https:\/\/eximsoluciones.es\/wp-content\/uploads\/2024\/03\/exim3.png\" alt=\"gallery\" \/><\/div><div class=\"item\"><img decoding=\"async\" src=\"https:\/\/eximsoluciones.es\/wp-content\/uploads\/2024\/01\/IMG_1748-scaled.jpg\" alt=\"gallery\" \/><\/div><div class=\"item\"><img decoding=\"async\" src=\"https:\/\/eximsoluciones.es\/wp-content\/uploads\/2024\/03\/imagen-exim1.png\" alt=\"gallery\" \/><\/div><div class=\"item\"><img decoding=\"async\" src=\"https:\/\/eximsoluciones.es\/wp-content\/uploads\/2024\/05\/fotoexim2.png\" alt=\"gallery\" \/><\/div><\/div><!-- Carousel end --><div id=\"gallery-dots\"><\/div><\/div><div class=\"overlay\"><\/div><\/section><!-- Section gallery end -->[\/vc_column][\/vc_row][vc_row nt_minfox_bg_ontablet=\u00bbhide\u00bb nt_minfox_bg_onmobile=\u00bbhide\u00bb nt_minfox_bg_onphone=\u00bbhide\u00bb el_id=\u00bbPROVEEDORES\u00bb][vc_column][vc_column_text el_id=\u00bbPROVEEDORES\u00bb]<\/p>\n<h1 style=\"text-align: center;\"><span style=\"color: #e66524;\"><strong>Nuestros proveedores<\/strong><\/span><\/h1>\n<p style=\"text-align: center;\">Con una amplia red de proveedores, \u00a0podemos dar soluciones a todo \u00a0tipo de situaciones que se dan en el transporte de mercanc\u00edas:<\/p>\n<p style=\"text-align: center;\">Como pueden ser diferentes modos de transporte, manipulaci\u00f3n, almacenamiento, stock, trincaje, consolidados, grupajes, etc.<\/p>\n<p style=\"text-align: center;\">Una amplia red de proveedores en el transporte de mercanc\u00edas no solo ofrece soluciones a medida para cada cliente, sino que tambi\u00e9n<br \/>\nconstituye un enfoque estrat\u00e9gico que promueve la eficiencia, la adaptabilidad y la resiliencia en un entorno log\u00edstico din\u00e1mico y desafiante.[\/vc_column_text][\/vc_column][\/vc_row][vc_row][vc_column][vc_gallery interval=\u00bb5&#8243; images=\u00bb1164,1186,1156&#8243; img_size=\u00bb1000000000000px\u00bb][\/vc_column][\/vc_row][vc_row el_id=\u00bbCONTACTO\u00bb][vc_column]<!-- Section Contact --><section id=\"CONTACTO\" class=\"contact\"><div class=\"section-header\"><h2 class=\"wow \" data-wow-delay=\".2s\" style=\" color:#e66524;\">Contacto<\/h2><span class=\"wow \" data-wow-delay=\".4s\">Contacta con nosotros para cualquier tipo de duda, te responderemos lo antes posible.<\/span><\/div><div class=\"container contact-container\"><!-- Contact Form -->\n<div class=\"wpcf7 no-js\" id=\"wpcf7-f702-o1\" lang=\"en\" dir=\"ltr\" data-wpcf7-id=\"702\">\n<div class=\"screen-reader-response\"><p role=\"status\" aria-live=\"polite\" aria-atomic=\"true\"><\/p> <ul><\/ul><\/div>\n<form action=\"\/index.php\/wp-json\/wp\/v2\/pages\/582#wpcf7-f702-o1\" method=\"post\" class=\"wpcf7-form init\" aria-label=\"Formulario de contacto\" novalidate=\"novalidate\" data-status=\"init\">\n<fieldset class=\"hidden-fields-container\"><input type=\"hidden\" name=\"_wpcf7\" value=\"702\" \/><input type=\"hidden\" name=\"_wpcf7_version\" value=\"6.1.5\" \/><input type=\"hidden\" name=\"_wpcf7_locale\" value=\"en\" \/><input type=\"hidden\" name=\"_wpcf7_unit_tag\" value=\"wpcf7-f702-o1\" \/><input type=\"hidden\" name=\"_wpcf7_container_post\" value=\"0\" \/><input type=\"hidden\" name=\"_wpcf7_posted_data_hash\" value=\"\" \/><input type=\"hidden\" name=\"_wpcf7_recaptcha_response\" value=\"\" \/>\n<\/fieldset>\n<div id=\"contact_form\">\n\t<div class=\"row\">\n\t\t<div class=\"col-md-4 col-sm-4 col-xs-12 wow fadeInUp\" data-wow-delay=\".2s\">\n\t\t\t<div class=\"form-group\">\n\t\t\t\t<p><span class=\"wpcf7-form-control-wrap\" data-name=\"contact_name\"><input size=\"40\" maxlength=\"400\" class=\"wpcf7-form-control wpcf7-text wpcf7-validates-as-required form-control\" id=\"contact_name\" aria-required=\"true\" aria-invalid=\"false\" placeholder=\"Nombre\" value=\"\" type=\"text\" name=\"contact_name\" \/><\/span>\n\t\t\t\t<\/p>\n\t\t\t<\/div>\n\t\t<\/div>\n\t\t<div class=\"col-md-4 col-sm-4 col-xs-12 wow fadeInUp\" data-wow-delay=\".4s\">\n\t\t\t<div class=\"form-group\">\n\t\t\t\t<p><span class=\"wpcf7-form-control-wrap\" data-name=\"contact_email\"><input size=\"40\" maxlength=\"400\" class=\"wpcf7-form-control wpcf7-email wpcf7-validates-as-required wpcf7-text wpcf7-validates-as-email form-control\" id=\"contact_email\" aria-required=\"true\" aria-invalid=\"false\" placeholder=\"Email\" value=\"\" type=\"email\" name=\"contact_email\" \/><\/span>\n\t\t\t\t<\/p>\n\t\t\t<\/div>\n\t\t<\/div>\n\t\t<div class=\"col-md-4 col-sm-4 col-xs-12 wow fadeInUp\" data-wow-delay=\".6s\">\n\t\t\t<div class=\"form-group\">\n\t\t\t\t<p><span class=\"wpcf7-form-control-wrap\" data-name=\"contact_subject\"><input size=\"40\" maxlength=\"400\" class=\"wpcf7-form-control wpcf7-text wpcf7-validates-as-required form-control\" id=\"contact_subject\" aria-required=\"true\" aria-invalid=\"false\" placeholder=\"Asunto\" value=\"\" type=\"text\" name=\"contact_subject\" \/><\/span>\n\t\t\t\t<\/p>\n\t\t\t<\/div>\n\t\t<\/div>\n\t\t<div class=\"col-md-12 col-sm-12 col-xs-12 wow fadeInUp\" data-wow-delay=\".8s\">\n\t\t\t<div class=\"form-group\">\n\t\t\t\t<p><span class=\"wpcf7-form-control-wrap\" data-name=\"contact_message\"><textarea cols=\"40\" rows=\"10\" maxlength=\"2000\" class=\"wpcf7-form-control wpcf7-textarea wpcf7-validates-as-required form-control\" id=\"contact_message\" aria-required=\"true\" aria-invalid=\"false\" placeholder=\"Mensaje\" name=\"contact_message\"><\/textarea><\/span>\n\t\t\t\t<\/p>\n\t\t\t<\/div>\n\t\t<\/div>\n\t<\/div>\n\t<p><input class=\"wpcf7-form-control wpcf7-submit has-spinner btn-contact wow bounceIn\" id=\"contact_submit\" type=\"submit\" value=\"Enviar\" \/>\n\t<\/p>\n<\/div><div class=\"wpcf7-response-output\" aria-hidden=\"true\"><\/div>\n<\/form>\n<\/div>\n<!-- Contact Form end --><\/div><\/section><!-- Section Contact end -->[\/vc_column][\/vc_row][vc_row][vc_column][vc_gmaps link=\u00bb#E-8_JTNDaWZyYW1lJTIwc3JjJTNEJTIyaHR0cHMlM0ElMkYlMkZ3d3cuZ29vZ2xlLmNvbSUyRm1hcHMlMkZlbWJlZCUzRnBiJTNEJTIxMW0xNCUyMTFtOCUyMTFtMyUyMTFkMzc5Mi45MDM0ODQ1Mjc3OTA2JTIxMmQyLjEzODU4NTQlMjEzZDQxLjM0MzYxNDElMjEzbTIlMjExaTEwMjQlMjEyaTc2OCUyMTRmMTMuMSUyMTNtMyUyMTFtMiUyMTFzMHgxMmE0OThhYjc0NTMwMDBiJTI1M0EweDRhZTkzODlkYTM2MjIxZjIlMjEyc1NvbHVjaW9uZXMlMjUyMEV4aW0lMjE1ZTElMjEzbTIlMjExc2NhJTIxMnNlcyUyMTR2MTcwMDY2NjYzNTYyMiUyMTVtMiUyMTFzY2ElMjEyc2VzJTIyJTIwd2lkdGglM0QlMjI2MDAlMjIlMjBoZWlnaHQlM0QlMjI0NTAlMjIlMjBzdHlsZSUzRCUyMmJvcmRlciUzQTAlM0IlMjIlMjBhbGxvd2Z1bGxzY3JlZW4lM0QlMjIlMjIlMjBsb2FkaW5nJTNEJTIybGF6eSUyMiUyMHJlZmVycmVycG9saWN5JTNEJTIybm8tcmVmZXJyZXItd2hlbi1kb3duZ3JhZGUlMjIlM0UlM0MlMkZpZnJhbWUlM0U=\u00bb][\/vc_column][\/vc_row]<\/p>\n<\/div>","protected":false},"excerpt":{"rendered":"<p>[vc_row css=\u00bb.vc_custom_1706275176749{margin-top: -2px !important;}\u00bb el_id=\u00bbINICIO\u00bb][vc_column el_id=\u00bbINICIO\u00bb][\/vc_column][\/vc_row][vc_row el_id=\u00bbSERVICIOS\u00bb][vc_column el_id=\u00bbEXIM\u00bb][vc_single_image image=\u00bb1163&#8243; img_size=\u00bbfull\u00bb alignment=\u00bbcenter\u00bb css=\u00bb.vc_custom_1710015358444{padding-bottom: 100px !important;background-position: center !important;background-repeat: no-repeat !important;background-size: contain !important;}\u00bb][\/vc_column][\/vc_row][vc_row][vc_column el_id=\u00bbSERVICIOS\u00bb][\/vc_column][\/vc_row][vc_row el_id=\u00bbNOSOTROS\u00bb][vc_column css=\u00bb.vc_custom_1710016731184{padding-bottom: 50px !important;}\u00bb][\/vc_column][\/vc_row][vc_row nt_minfox_bg_ontablet=\u00bbhide\u00bb nt_minfox_bg_onmobile=\u00bbhide\u00bb nt_minfox_bg_onphone=\u00bbhide\u00bb el_id=\u00bbPROVEEDORES\u00bb][vc_column][vc_column_text el_id=\u00bbPROVEEDORES\u00bb] Nuestros proveedores Con una amplia red de proveedores, \u00a0podemos dar soluciones a todo \u00a0tipo de situaciones que se dan en el transporte de mercanc\u00edas: Como [&hellip;]<\/p>\n","protected":false},"author":1,"featured_media":0,"parent":3,"menu_order":0,"comment_status":"closed","ping_status":"closed","template":"one-page-template.php","meta":{"footnotes":""},"class_list":["post-582","page","type-page","status-publish","hentry",""],"_links":{"self":[{"href":"https:\/\/eximsoluciones.es\/index.php\/wp-json\/wp\/v2\/pages\/582","targetHints":{"allow":["GET"]}}],"collection":[{"href":"https:\/\/eximsoluciones.es\/index.php\/wp-json\/wp\/v2\/pages"}],"about":[{"href":"https:\/\/eximsoluciones.es\/index.php\/wp-json\/wp\/v2\/types\/page"}],"author":[{"embeddable":true,"href":"https:\/\/eximsoluciones.es\/index.php\/wp-json\/wp\/v2\/users\/1"}],"replies":[{"embeddable":true,"href":"https:\/\/eximsoluciones.es\/index.php\/wp-json\/wp\/v2\/comments?post=582"}],"version-history":[{"count":515,"href":"https:\/\/eximsoluciones.es\/index.php\/wp-json\/wp\/v2\/pages\/582\/revisions"}],"predecessor-version":[{"id":1419,"href":"https:\/\/eximsoluciones.es\/index.php\/wp-json\/wp\/v2\/pages\/582\/revisions\/1419"}],"up":[{"embeddable":true,"href":"https:\/\/eximsoluciones.es\/index.php\/wp-json\/wp\/v2\/pages\/3"}],"wp:attachment":[{"href":"https:\/\/eximsoluciones.es\/index.php\/wp-json\/wp\/v2\/media?parent=582"}],"curies":[{"name":"wp","href":"https:\/\/api.w.org\/{rel}","templated":true}]}}